{"id":6134,"date":"2025-04-30T19:36:26","date_gmt":"2025-04-30T19:36:26","guid":{"rendered":"https:\/\/clickeventos.cl\/?page_id=6134"},"modified":"2025-05-02T17:20:57","modified_gmt":"2025-05-02T17:20:57","slug":"brunch-almuerzos","status":"publish","type":"page","link":"https:\/\/clickeventos.cl\/index.php\/brunch-almuerzos\/","title":{"rendered":"Brunch &#038; Almuerzos"},"content":{"rendered":"<div class=\"wpb-content-wrapper\"><p>[vc_row][vc_column][vc_separator css=\u00bb\u00bb][vc_empty_space height=\u00bb22px\u00bb]<div class=\"section-title style-1 text-left text-small \">\n\t\t\t\t<div class=\"title\" >Brunch &amp; Almuerzos<\/div>\n\t\t\t<\/div>[\/vc_column][\/vc_row][vc_row][vc_column width=\u00bb1\/2&#8243;][vc_cta h2=\u00bb\ud83d\uddb1\ufe0f Click Brunch\u00bb style=\u00bbflat\u00bb color=\u00bbmulled-wine\u00bb css=\u00bb\u00bb]El cl\u00e1sico de media ma\u00f1ana. Incluye caf\u00e9, t\u00e9, leche, jugos o bebidas, brochetas de frutas y nuestros burritos estrella: carne, pollo o veggie. Sencillo, sabroso y listo para disfrutar sin interrumpir el d\u00eda.[\/vc_cta][vc_cta h2=\u00bb\ud83d\udcc1 Click Derecho\u00bb style=\u00bbflat\u00bb color=\u00bbmulled-wine\u00bb css=\u00bb\u00bb]Personalizaci\u00f3n al m\u00e1ximo nivel. T\u00fa nos cuentas tu idea y nosotros la transformamos en un servicio listo para sorprender. Desde platos gourmet hasta montajes especiales, todo con el sello de Click Eventos.[\/vc_cta][\/vc_column][vc_column width=\u00bb1\/2&#8243;][vc_cta h2=\u00bb\ud83d\uddb1\ufe0f\ud83d\uddb1\ufe0f Doble Click\u00bb style=\u00bbflat\u00bb color=\u00bbmulled-wine\u00bb css=\u00bb\u00bb]Para los que necesitan m\u00e1s que un break. Este almuerzo ejecutivo trae bebestible, plato principal casero en envase compostable, ensalada, postre y todo lo necesario para un servicio completo. Ideal para equipos en jornada extendida o capacitaciones.[\/vc_cta][\/vc_column][\/vc_row][vc_row][vc_column]<div class=\"wpforms-container wpforms-container-full wpforms-render-modern\" id=\"wpforms-6144\"><form id=\"wpforms-form-6144\" class=\"wpforms-validate wpforms-form wpforms-ajax-form\" data-formid=\"6144\" method=\"post\" enctype=\"multipart\/form-data\" action=\"\/index.php\/wp-json\/wp\/v2\/pages\/6134\" data-token=\"df6d198326beaf45c9f74d04286d6007\" data-token-time=\"1775894881\"><noscript class=\"wpforms-error-noscript\">Por favor, activa JavaScript en tu navegador para completar este formulario.<\/noscript><div class=\"wpforms-hidden\" id=\"wpforms-error-noscript\">Por favor, activa JavaScript en tu navegador para completar este formulario.<\/div><div class=\"wpforms-field-container\"><div id=\"wpforms-6144-field_1-container\" class=\"wpforms-field wpforms-field-name\" data-field-id=\"1\"><fieldset><legend class=\"wpforms-field-label\">Nombre <span class=\"wpforms-required-label\" aria-hidden=\"true\">*<\/span><\/legend><div class=\"wpforms-field-row wpforms-field-medium\"><div class=\"wpforms-field-row-block wpforms-first wpforms-one-half\"><input type=\"text\" id=\"wpforms-6144-field_1\" class=\"wpforms-field-name-first wpforms-field-required\" name=\"wpforms[fields][1][first]\" aria-errormessage=\"wpforms-6144-field_1-error\" required><label for=\"wpforms-6144-field_1\" class=\"wpforms-field-sublabel after\">Nombre<\/label><\/div><div class=\"wpforms-field-row-block wpforms-one-half\"><input type=\"text\" id=\"wpforms-6144-field_1-last\" class=\"wpforms-field-name-last wpforms-field-required\" name=\"wpforms[fields][1][last]\" aria-errormessage=\"wpforms-6144-field_1-last-error\" required><label for=\"wpforms-6144-field_1-last\" class=\"wpforms-field-sublabel after\">Apellidos<\/label><\/div><\/div><\/fieldset><\/div><div id=\"wpforms-6144-field_7-container\" class=\"wpforms-field wpforms-field-email\" data-field-id=\"7\"><label class=\"wpforms-field-label\" for=\"wpforms-6144-field_7\">Email <span class=\"wpforms-required-label\" aria-hidden=\"true\">*<\/span><\/label><input type=\"email\" id=\"wpforms-6144-field_7\" class=\"wpforms-field-medium wpforms-field-required\" name=\"wpforms[fields][7]\" spellcheck=\"false\" aria-errormessage=\"wpforms-6144-field_7-error\" required><\/div><div id=\"wpforms-6144-field_8-container\" class=\"wpforms-field wpforms-field-checkbox wpforms-list-inline\" data-field-id=\"8\"><fieldset><legend class=\"wpforms-field-label\">Brunch &amp; Almuerzos<\/legend><ul id=\"wpforms-6144-field_8\" class=\"wpforms-image-choices wpforms-image-choices-modern\"><li class=\"choice-1 depth-1 wpforms-image-choices-item\"><label class=\"wpforms-field-label-inline\" for=\"wpforms-6144-field_8_1\" tabindex=\"0\"><span class=\"wpforms-image-choices-image\"><\/span><input type=\"checkbox\" id=\"wpforms-6144-field_8_1\" class=\"wpforms-screen-reader-element\" name=\"wpforms[fields][8][]\" value=\"\ud83d\uddb1\ufe0f Click Brunch\" aria-errormessage=\"wpforms-6144-field_8_1-error\" tabindex=\"-1\"  ><span class=\"wpforms-image-choices-label\">\ud83d\uddb1\ufe0f Click Brunch<\/span><\/label><\/li><li class=\"choice-2 depth-1 wpforms-image-choices-item\"><label class=\"wpforms-field-label-inline\" for=\"wpforms-6144-field_8_2\" tabindex=\"0\"><span class=\"wpforms-image-choices-image\"><\/span><input type=\"checkbox\" id=\"wpforms-6144-field_8_2\" class=\"wpforms-screen-reader-element\" name=\"wpforms[fields][8][]\" value=\"\ud83d\uddb1\ufe0f\ud83d\uddb1\ufe0f Doble Click\" aria-errormessage=\"wpforms-6144-field_8_2-error\" tabindex=\"-1\"  ><span class=\"wpforms-image-choices-label\">\ud83d\uddb1\ufe0f\ud83d\uddb1\ufe0f Doble Click<\/span><\/label><\/li><li class=\"choice-3 depth-1 wpforms-image-choices-item\"><label class=\"wpforms-field-label-inline\" for=\"wpforms-6144-field_8_3\" tabindex=\"0\"><span class=\"wpforms-image-choices-image\"><\/span><input type=\"checkbox\" id=\"wpforms-6144-field_8_3\" class=\"wpforms-screen-reader-element\" name=\"wpforms[fields][8][]\" value=\"\ud83d\udcc1 Click Derecho\" aria-errormessage=\"wpforms-6144-field_8_3-error\" tabindex=\"-1\"  ><span class=\"wpforms-image-choices-label\">\ud83d\udcc1 Click Derecho<\/span><\/label><\/li><\/ul><\/fieldset><\/div><div id=\"wpforms-6144-field_6-container\" class=\"wpforms-field wpforms-field-textarea\" data-field-id=\"6\"><label class=\"wpforms-field-label\" for=\"wpforms-6144-field_6\">\u00bfNo encontraste lo que buscabas?<\/label><textarea id=\"wpforms-6144-field_6\" class=\"wpforms-field-medium\" name=\"wpforms[fields][6]\" aria-errormessage=\"wpforms-6144-field_6-error\" aria-describedby=\"wpforms-6144-field_6-description\" ><\/textarea><div id=\"wpforms-6144-field_6-description\" class=\"wpforms-field-description\">Ingrese aqu\u00ed su descripci\u00f3n<\/div><\/div><div id=\"wpforms-6144-field_12-container\" class=\"wpforms-field wpforms-field-number\" data-field-id=\"12\"><label class=\"wpforms-field-label\" for=\"wpforms-6144-field_12\">Fono <span class=\"wpforms-required-label\" aria-hidden=\"true\">*<\/span><\/label><input type=\"number\" id=\"wpforms-6144-field_12\" class=\"wpforms-field-medium wpforms-field-required\" name=\"wpforms[fields][12]\" step=\"any\" aria-errormessage=\"wpforms-6144-field_12-error\" required><\/div><\/div><!-- .wpforms-field-container --><div class=\"wpforms-submit-container\" ><input type=\"hidden\" name=\"wpforms[id]\" value=\"6144\"><input type=\"hidden\" name=\"page_title\" value=\"\"><input type=\"hidden\" name=\"page_url\" value=\"https:\/\/clickeventos.cl\/index.php\/wp-json\/wp\/v2\/pages\/6134\"><input type=\"hidden\" name=\"url_referer\" value=\"\"><button type=\"submit\" name=\"wpforms[submit]\" id=\"wpforms-submit-6144\" class=\"wpforms-submit\" data-alt-text=\"Enviando...\" data-submit-text=\"Enviar\" aria-live=\"assertive\" value=\"wpforms-submit\">Enviar<\/button><img loading=\"lazy\" decoding=\"async\" src=\"https:\/\/clickeventos.cl\/wp-content\/plugins\/wpforms-lite\/assets\/images\/submit-spin.svg\" class=\"wpforms-submit-spinner\" style=\"display: none;\" width=\"26\" height=\"26\" alt=\"Cargando\"><\/div><\/form><\/div>  <!-- .wpforms-container -->[\/vc_column][\/vc_row]<\/p>\n<\/div>","protected":false},"excerpt":{"rendered":"<p>[vc_row][vc_column][vc_separator css=\u00bb\u00bb][vc_empty_space height=\u00bb22px\u00bb][\/vc_column][\/vc_row][vc_row][vc_column width=\u00bb1\/2&#8243;][vc_cta h2=\u00bb\ud83d\uddb1\ufe0f Click Brunch\u00bb style=\u00bbflat\u00bb color=\u00bbmulled-wine\u00bb css=\u00bb\u00bb]El cl\u00e1sico de media ma\u00f1ana. Incluye caf\u00e9, t\u00e9, leche, jugos o bebidas, brochetas de frutas y nuestros burritos estrella: carne, pollo&hellip;<\/p>\n","protected":false},"author":1,"featured_media":0,"parent":0,"menu_order":0,"comment_status":"closed","ping_status":"closed","template":"","meta":{"footnotes":""},"class_list":["post-6134","page","type-page","status-publish","hentry"],"yoast_head":"<!-- This site is optimized with the Yoast SEO plugin v24.9 - https:\/\/yoast.com\/wordpress\/plugins\/seo\/ -->\n<title>Brunch &amp; Almuerzos - Click Eventos<\/title>\n<meta name=\"robots\" content=\"index, follow, max-snippet:-1, max-image-preview:large, max-video-preview:-1\" \/>\n<link rel=\"canonical\" href=\"https:\/\/clickeventos.cl\/index.php\/brunch-almuerzos\/\" \/>\n<meta property=\"og:locale\" content=\"es_ES\" \/>\n<meta property=\"og:type\" content=\"article\" \/>\n<meta property=\"og:title\" content=\"Brunch &amp; Almuerzos - Click Eventos\" \/>\n<meta property=\"og:description\" content=\"[vc_row][vc_column][vc_separator css=\u00bb\u00bb][vc_empty_space height=\u00bb22px\u00bb][\/vc_column][\/vc_row][vc_row][vc_column width=\u00bb1\/2&#8243;][vc_cta h2=\u00bb\ud83d\uddb1\ufe0f Click Brunch\u00bb style=\u00bbflat\u00bb color=\u00bbmulled-wine\u00bb css=\u00bb\u00bb]El cl\u00e1sico de media ma\u00f1ana. Incluye caf\u00e9, t\u00e9, leche, jugos o bebidas, brochetas de frutas y nuestros burritos estrella: carne, pollo&hellip;\" \/>\n<meta property=\"og:url\" content=\"https:\/\/clickeventos.cl\/index.php\/brunch-almuerzos\/\" \/>\n<meta property=\"og:site_name\" content=\"Click Eventos\" \/>\n<meta property=\"article:modified_time\" content=\"2025-05-02T17:20:57+00:00\" \/>\n<meta name=\"twitter:card\" content=\"summary_large_image\" \/>\n<meta name=\"twitter:label1\" content=\"Tiempo de lectura\" \/>\n\t<meta name=\"twitter:data1\" content=\"1 minuto\" \/>\n<script type=\"application\/ld+json\" class=\"yoast-schema-graph\">{\"@context\":\"https:\/\/schema.org\",\"@graph\":[{\"@type\":\"WebPage\",\"@id\":\"https:\/\/clickeventos.cl\/index.php\/brunch-almuerzos\/\",\"url\":\"https:\/\/clickeventos.cl\/index.php\/brunch-almuerzos\/\",\"name\":\"Brunch & Almuerzos - Click Eventos\",\"isPartOf\":{\"@id\":\"https:\/\/clickeventos.cl\/#website\"},\"datePublished\":\"2025-04-30T19:36:26+00:00\",\"dateModified\":\"2025-05-02T17:20:57+00:00\",\"breadcrumb\":{\"@id\":\"https:\/\/clickeventos.cl\/index.php\/brunch-almuerzos\/#breadcrumb\"},\"inLanguage\":\"es\",\"potentialAction\":[{\"@type\":\"ReadAction\",\"target\":[\"https:\/\/clickeventos.cl\/index.php\/brunch-almuerzos\/\"]}]},{\"@type\":\"BreadcrumbList\",\"@id\":\"https:\/\/clickeventos.cl\/index.php\/brunch-almuerzos\/#breadcrumb\",\"itemListElement\":[{\"@type\":\"ListItem\",\"position\":1,\"name\":\"Portada\",\"item\":\"https:\/\/clickeventos.cl\/\"},{\"@type\":\"ListItem\",\"position\":2,\"name\":\"Brunch &#038; Almuerzos\"}]},{\"@type\":\"WebSite\",\"@id\":\"https:\/\/clickeventos.cl\/#website\",\"url\":\"https:\/\/clickeventos.cl\/\",\"name\":\"Click Eventos\",\"description\":\"\",\"potentialAction\":[{\"@type\":\"SearchAction\",\"target\":{\"@type\":\"EntryPoint\",\"urlTemplate\":\"https:\/\/clickeventos.cl\/?s={search_term_string}\"},\"query-input\":{\"@type\":\"PropertyValueSpecification\",\"valueRequired\":true,\"valueName\":\"search_term_string\"}}],\"inLanguage\":\"es\"}]}<\/script>\n<!-- \/ Yoast SEO plugin. -->","yoast_head_json":{"title":"Brunch & Almuerzos - Click Eventos","robots":{"index":"index","follow":"follow","max-snippet":"max-snippet:-1","max-image-preview":"max-image-preview:large","max-video-preview":"max-video-preview:-1"},"canonical":"https:\/\/clickeventos.cl\/index.php\/brunch-almuerzos\/","og_locale":"es_ES","og_type":"article","og_title":"Brunch & Almuerzos - Click Eventos","og_description":"[vc_row][vc_column][vc_separator css=\u00bb\u00bb][vc_empty_space height=\u00bb22px\u00bb][\/vc_column][\/vc_row][vc_row][vc_column width=\u00bb1\/2&#8243;][vc_cta h2=\u00bb\ud83d\uddb1\ufe0f Click Brunch\u00bb style=\u00bbflat\u00bb color=\u00bbmulled-wine\u00bb css=\u00bb\u00bb]El cl\u00e1sico de media ma\u00f1ana. Incluye caf\u00e9, t\u00e9, leche, jugos o bebidas, brochetas de frutas y nuestros burritos estrella: carne, pollo&hellip;","og_url":"https:\/\/clickeventos.cl\/index.php\/brunch-almuerzos\/","og_site_name":"Click Eventos","article_modified_time":"2025-05-02T17:20:57+00:00","twitter_card":"summary_large_image","twitter_misc":{"Tiempo de lectura":"1 minuto"},"schema":{"@context":"https:\/\/schema.org","@graph":[{"@type":"WebPage","@id":"https:\/\/clickeventos.cl\/index.php\/brunch-almuerzos\/","url":"https:\/\/clickeventos.cl\/index.php\/brunch-almuerzos\/","name":"Brunch & Almuerzos - Click Eventos","isPartOf":{"@id":"https:\/\/clickeventos.cl\/#website"},"datePublished":"2025-04-30T19:36:26+00:00","dateModified":"2025-05-02T17:20:57+00:00","breadcrumb":{"@id":"https:\/\/clickeventos.cl\/index.php\/brunch-almuerzos\/#breadcrumb"},"inLanguage":"es","potentialAction":[{"@type":"ReadAction","target":["https:\/\/clickeventos.cl\/index.php\/brunch-almuerzos\/"]}]},{"@type":"BreadcrumbList","@id":"https:\/\/clickeventos.cl\/index.php\/brunch-almuerzos\/#breadcrumb","itemListElement":[{"@type":"ListItem","position":1,"name":"Portada","item":"https:\/\/clickeventos.cl\/"},{"@type":"ListItem","position":2,"name":"Brunch &#038; Almuerzos"}]},{"@type":"WebSite","@id":"https:\/\/clickeventos.cl\/#website","url":"https:\/\/clickeventos.cl\/","name":"Click Eventos","description":"","potentialAction":[{"@type":"SearchAction","target":{"@type":"EntryPoint","urlTemplate":"https:\/\/clickeventos.cl\/?s={search_term_string}"},"query-input":{"@type":"PropertyValueSpecification","valueRequired":true,"valueName":"search_term_string"}}],"inLanguage":"es"}]}},"_links":{"self":[{"href":"https:\/\/clickeventos.cl\/index.php\/wp-json\/wp\/v2\/pages\/6134","targetHints":{"allow":["GET"]}}],"collection":[{"href":"https:\/\/clickeventos.cl\/index.php\/wp-json\/wp\/v2\/pages"}],"about":[{"href":"https:\/\/clickeventos.cl\/index.php\/wp-json\/wp\/v2\/types\/page"}],"author":[{"embeddable":true,"href":"https:\/\/clickeventos.cl\/index.php\/wp-json\/wp\/v2\/users\/1"}],"replies":[{"embeddable":true,"href":"https:\/\/clickeventos.cl\/index.php\/wp-json\/wp\/v2\/comments?post=6134"}],"version-history":[{"count":3,"href":"https:\/\/clickeventos.cl\/index.php\/wp-json\/wp\/v2\/pages\/6134\/revisions"}],"predecessor-version":[{"id":6148,"href":"https:\/\/clickeventos.cl\/index.php\/wp-json\/wp\/v2\/pages\/6134\/revisions\/6148"}],"wp:attachment":[{"href":"https:\/\/clickeventos.cl\/index.php\/wp-json\/wp\/v2\/media?parent=6134"}],"curies":[{"name":"wp","href":"https:\/\/api.w.org\/{rel}","templated":true}]}}