{"id":5829,"date":"2016-09-20T10:41:40","date_gmt":"2016-09-20T10:41:40","guid":{"rendered":"http:\/\/demo.drfuri.com\/mrbara13\/?page_id=5829"},"modified":"2025-06-05T16:03:02","modified_gmt":"2025-06-05T16:03:02","slug":"home-sport","status":"publish","type":"page","link":"https:\/\/clickeventos.cl\/","title":{"rendered":"Click Eventos"},"content":{"rendered":"<div class=\"wpb-content-wrapper\"><p>[vc_row full_width=\u00bbstretch_row_content_no_spaces\u00bb css=\u00bb.vc_custom_1474961441141{padding-top: 60px !important;padding-right: 60px !important;padding-left: 60px !important;background-color: #f0f0f0 !important;}\u00bb el_class=\u00bbno-padding-tablet\u00bb][vc_column][rev_slider_vc alias=\u00bbmrbara-home-sport\u00bb][\/vc_column][\/vc_row][vc_row css=\u00bb.vc_custom_1474960877975{margin-top: -230px !important;padding-bottom: 100px !important;background-color: #f0f0f0 !important;}\u00bb el_class=\u00bbno-margin-tablet\u00bb][vc_column width=\u00bb1\/3&#8243; css=\u00bb.vc_custom_1474960886349{margin-top: 30px !important;}\u00bb]<div class=\"mrbara-image-box   style1 text-small  box-shadow\">\t<a class=\"view-info\" href=\"https:\/\/clickeventos.cl\/index.php\/eventos-corporativos\/\">\t\t<img decoding=\"async\" alt=\"\" src=\"https:\/\/clickeventos.cl\/wp-content\/uploads\/2025\/04\/ban1-CORPORATIVO-BOX.jpg\">\t\t<span class=\"sep\"><\/span>\t\t<span class=\"title\" style=\"font-weight:700\">EVENTOS CORPORATIVOS<\/span>\t<\/a>\t<div class=\"desc\"><p>Coffe breaks, brunchs, almuerzos, cocteler\u00eda y todo lo que tu empresa necesita para un evento con estilo y profesionalismo.<\/p>\n<\/div><\/div>[\/vc_column][vc_column width=\u00bb1\/3&#8243; css=\u00bb.vc_custom_1474960892277{margin-top: 30px !important;}\u00bb]<div class=\"mrbara-image-box   style1 text-small  box-shadow\">\t<a class=\"view-info\" href=\"https:\/\/clickeventos.cl\/index.php\/celebraciones-personales\/\">\t\t<img decoding=\"async\" alt=\"\" src=\"https:\/\/clickeventos.cl\/wp-content\/uploads\/2025\/04\/ban3-DELIVERY-BOX.jpg\">\t\t<span class=\"sep\"><\/span>\t\t<span class=\"title\" style=\"font-weight:700\">CELEBRACIONES PERSONALES<\/span>\t<\/a>\t<div class=\"desc\"><p>Celebra en grande\u00a0 los momentos importantes de la vida: cumplea\u00f1os, matrimonios, licenciaturas y m\u00e1s, con emoci\u00f3n detalles y cari\u00f1o.<\/p>\n<\/div><\/div>[\/vc_column][vc_column width=\u00bb1\/3&#8243; css=\u00bb.vc_custom_1474960899797{margin-top: 30px !important;}\u00bb]<div class=\"mrbara-image-box   style1 text-small  box-shadow\">\t<a class=\"view-info\" href=\"https:\/\/clickeventos.cl\/index.php\/detalles-con-delivery\/\">\t\t<img decoding=\"async\" alt=\"\" src=\"https:\/\/clickeventos.cl\/wp-content\/uploads\/2025\/05\/20210609_143414-copia-clickeventos-scaled.jpg\">\t\t<span class=\"sep\"><\/span>\t\t<span class=\"title\" style=\"font-weight:700\">DETALLES CON DELIVERY<\/span>\t<\/a>\t<div class=\"desc\"><p>Sorprende con desayunos o tablas personalizadas, perfectas para empresas o fechas especiales, con delivery y presentaci\u00f3n impecable.<\/p>\n<\/div><\/div>[\/vc_column][\/vc_row][vc_row css=\u00bb.vc_custom_1476851266217{padding-top: 60px !important;background-color: #f0f0f0 !important;}\u00bb el_class=\u00bbno-padding-mobile\u00bb][vc_column css=\u00bb.vc_custom_1474367367753{margin-bottom: -180px !important;}\u00bb]<div class=\"mrbara-heading  text-center  vc_custom_1745305788803 text-big heading-style1\"><div class=\"title\" style=\"font-size:48px;font-weight:700\"><p>CLICK EVENTOS<\/p>\n <div class=\"mr-vertical-line\" ><\/div><\/div><\/div><div class=\"video-banner  video-style4\">\n\t\t\t\t<div class=\"banner-content\">\n\t\t\t\t\t<video height=\"621\" preload=\"none\" poster=\"https:\/\/clickeventos.cl\/wp-content\/uploads\/2025\/04\/BANNER-VIDEO.jpg\" loop >\n\t\t\t\t\t\t<source src=\"https:\/\/clickeventos.cl\/wp-content\/uploads\/2025\/04\/click-eventos.mp4\" type=\"video\/mp4\">\n\t\t\t\t\t<\/video>\n\t\t\t\t\t  <div class=\"video-desc\"><div class=\"v-desc\"><p>Click Eventos<\/p>\n<p>Producciones<\/p>\n<\/div><div class=\"status\">\n\t\t\t\t\n\t\t\t\t<i class=\"ion-ios-play\"><\/i>\n\t\t\t<\/div><\/div>\n                <\/div>\n\t\t\t<\/div>[\/vc_column][\/vc_row][vc_row full_width=\u00bbstretch_row_content_no_spaces\u00bb css=\u00bb.vc_custom_1474961268237{margin-top: 280px !important;padding-right: 60px !important;padding-left: 60px !important;}\u00bb el_class=\u00bbno-padding-mobile\u00bb][vc_column css=\u00bb.vc_custom_1474961281526{margin-top: 50px !important;}\u00bb el_class=\u00bbno-margin-mobile\u00bb]<div class=\"mrbara-heading  text-center  vc_custom_1746032559135 text-big heading-style1\"><div class=\"title\" style=\"font-size:48px;font-weight:700\"><p>CLICK FAVORITOS <\/p>\n <div class=\"mr-vertical-line\" ><\/div><\/div><\/div><div class=\"mrbara-heading  text-center  vc_custom_1746029778526 text-small heading-style1\"><div class=\"title\" style=\"font-size:22px;font-weight:700\"><p>CALIDAD, SABOR Y EXPERIENCIAS QUE MARCAN LA DIFERENCIA<\/p>\n <div class=\"mr-vertical-line\" ><\/div><\/div><\/div>[\/vc_column][\/vc_row][vc_row][vc_column width=\u00bb1\/3&#8243;][vc_hoverbox image=\u00bb6091&#8243; primary_title=\u00bbClick Cl\u00e1sico\u00bb primary_title_font_container=\u00bbfont_size:32|color:%23FFFFFF\u00bb primary_title_google_fonts=\u00bbfont_family:Montserrat%3Aregular%2C700|font_style:700%20bold%20regular%3A700%3Anormal\u00bb hover_title=\u00bbClick Cl\u00e1sico\u00bb use_custom_fonts_primary_title=\u00bbtrue\u00bb]Perfecto para cualquier reuni\u00f3n: incluye un completo coffee break con t\u00e9, caf\u00e9 y una variedad de galletas seleccionadas. Contempla el montaje, la atenci\u00f3n por parte de nuestro personal y todos los insumos necesarios, ideal para comenzar el d\u00eda con energ\u00eda y profesionalismo[\/vc_hoverbox][\/vc_column][vc_column width=\u00bb1\/3&#8243;][vc_hoverbox image=\u00bb6096&#8243; primary_title=\u00bbClick Brunch\u00bb primary_title_font_container=\u00bbfont_size:32|color:%23FFFFFF\u00bb primary_title_google_fonts=\u00bbfont_family:Montserrat%3Aregular%2C700|font_style:700%20bold%20regular%3A700%3Anormal\u00bb hover_title=\u00bbClick Brunch\u00bb use_custom_fonts_primary_title=\u00bbtrue\u00bb]Un intermedio delicioso entre desayuno y almuerzo. Combina variedad, frescura y presentaci\u00f3n para sorprender en reuniones informales o eventos m\u00e1s relajados, incluye coffee break con t\u00e9, caf\u00e9, brochetas de fruta, bebestible a elecci\u00f3n (bebida\/jugo\/agua) y burritos con tres opciones, de carne, pollo y vegetarianos.[\/vc_hoverbox][\/vc_column][vc_column width=\u00bb1\/3&#8243;][vc_hoverbox image=\u00bb6098&#8243; primary_title=\u00bbClick Premium\u00bb primary_title_font_container=\u00bbfont_size:32|color:%23FFFFFF\u00bb primary_title_google_fonts=\u00bbfont_family:Montserrat%3Aregular%2C700|font_style:700%20bold%20regular%3A700%3Anormal\u00bb hover_title=\u00bbClick Premium\u00bb use_custom_fonts_primary_title=\u00bbtrue\u00bb]Una experiencia de alto nivel, servicio completo de banqueter\u00eda, atenci\u00f3n personalizada e incluye coffee break con t\u00e9, caf\u00e9, jugo, variedad de galletas y tres tipos de tapaditos; pastrami con queso mozzarella, tomate Cherry, queso de cabra y albahaca y con jam\u00f3n de pavo con palta.[\/vc_hoverbox][\/vc_column][\/vc_row][vc_row css=\u00bb.vc_custom_1474961010007{padding-top: 120px !important;padding-bottom: 90px !important;}\u00bb][vc_column width=\u00bb1\/2&#8243; css=\u00bb.vc_custom_1474961021758{margin-bottom: 30px !important;border-right-width: 1px !important;padding-top: 5px !important;border-right-color: #e0e0e0 !important;border-right-style: solid !important;}\u00bb offset=\u00bbvc_col-lg-3&#8243;]<div class=\"mrbara-icon-box   text- icon-box-style2 icon-dark\">\n\t\t\t\t<div class=\"icon-box-wapper\">\n\t\t\t\t\t <span class=\"i-icon ion-paper-airplane\"><\/span>\n\t\t\t\t\t<div class=\"icon-box-content\">\n\t\t\t\t\t\t<div class=\"b-content\"><p>Free Shipping<\/p>\n<\/div><div class=\"sub-title\">Oders over $99<\/div>\n\t\t\t\t\t<\/div>\n\t\t\t\t<\/div>\n\t\t\t\t\n\t\t\t<\/div>[\/vc_column][vc_column width=\u00bb1\/2&#8243; css=\u00bb.vc_custom_1474961044748{margin-bottom: 30px !important;border-right-width: 1px !important;padding-top: 5px !important;border-right-color: #e0e0e0 !important;border-right-style: solid !important;}\u00bb offset=\u00bbvc_col-lg-3&#8243;]<div class=\"mrbara-icon-box   text- icon-box-style2 icon-dark\">\n\t\t\t\t<div class=\"icon-box-wapper\">\n\t\t\t\t\t <span class=\"i-icon ion-loop\"><\/span>\n\t\t\t\t\t<div class=\"icon-box-content\">\n\t\t\t\t\t\t<div class=\"b-content\"><p>90 days return<\/p>\n<\/div><div class=\"sub-title\">If goods have problem<\/div>\n\t\t\t\t\t<\/div>\n\t\t\t\t<\/div>\n\t\t\t\t\n\t\t\t<\/div>[\/vc_column][vc_column width=\u00bb1\/2&#8243; css=\u00bb.vc_custom_1474961064093{margin-bottom: 30px !important;border-right-width: 1px !important;padding-top: 5px !important;border-right-color: #e0e0e0 !important;border-right-style: solid !important;}\u00bb offset=\u00bbvc_col-lg-3&#8243;]<div class=\"mrbara-icon-box   text- icon-box-style2 icon-dark\">\n\t\t\t\t<div class=\"icon-box-wapper\">\n\t\t\t\t\t <span class=\"i-icon ion-card\"><\/span>\n\t\t\t\t\t<div class=\"icon-box-content\">\n\t\t\t\t\t\t<div class=\"b-content\"><p>Secure payment<\/p>\n<\/div><div class=\"sub-title\">100% secure payment<\/div>\n\t\t\t\t\t<\/div>\n\t\t\t\t<\/div>\n\t\t\t\t\n\t\t\t<\/div>[\/vc_column][vc_column width=\u00bb1\/2&#8243; css=\u00bb.vc_custom_1474961080181{margin-bottom: 30px !important;}\u00bb offset=\u00bbvc_col-lg-3&#8243;]<div class=\"mrbara-icon-box   text- icon-box-style2 icon-dark\">\n\t\t\t\t<div class=\"icon-box-wapper\">\n\t\t\t\t\t <span class=\"i-icon ion-person-stalker\"><\/span>\n\t\t\t\t\t<div class=\"icon-box-content\">\n\t\t\t\t\t\t<div class=\"b-content\"><p>24h Support<\/p>\n<\/div><div class=\"sub-title\">Dedicated support<\/div>\n\t\t\t\t\t<\/div>\n\t\t\t\t<\/div>\n\t\t\t\t\n\t\t\t<\/div>[\/vc_column][\/vc_row]<\/p>\n<\/div>","protected":false},"excerpt":{"rendered":"<p>[vc_row full_width=\u00bbstretch_row_content_no_spaces\u00bb css=\u00bb.vc_custom_1474961441141{padding-top: 60px !important;padding-right: 60px !important;padding-left: 60px !important;background-color: #f0f0f0 !important;}\u00bb el_class=\u00bbno-padding-tablet\u00bb][vc_column][rev_slider_vc alias=\u00bbmrbara-home-sport\u00bb][\/vc_column][\/vc_row][vc_row css=\u00bb.vc_custom_1474960877975{margin-top: -230px !important;padding-bottom: 100px !important;background-color: #f0f0f0 !important;}\u00bb el_class=\u00bbno-margin-tablet\u00bb][vc_column width=\u00bb1\/3&#8243; css=\u00bb.vc_custom_1474960886349{margin-top: 30px !important;}\u00bb][\/vc_column][vc_column width=\u00bb1\/3&#8243; css=\u00bb.vc_custom_1474960892277{margin-top: 30px !important;}\u00bb][\/vc_column][vc_column width=\u00bb1\/3&#8243;&hellip;<\/p>\n","protected":false},"author":1,"featured_media":0,"parent":0,"menu_order":0,"comment_status":"closed","ping_status":"closed","template":"template-homepage.php","meta":{"footnotes":""},"class_list":["post-5829","page","type-page","status-publish","hentry"],"yoast_head":"<!-- This site is optimized with the Yoast SEO plugin v24.9 - https:\/\/yoast.com\/wordpress\/plugins\/seo\/ -->\n<title>Click Eventos - Click Eventos<\/title>\n<meta name=\"robots\" content=\"index, follow, max-snippet:-1, max-image-preview:large, max-video-preview:-1\" \/>\n<link rel=\"canonical\" href=\"https:\/\/clickeventos.cl\/\" \/>\n<meta property=\"og:locale\" content=\"es_ES\" \/>\n<meta property=\"og:type\" content=\"article\" \/>\n<meta property=\"og:title\" content=\"Click Eventos - Click Eventos\" \/>\n<meta property=\"og:description\" content=\"[vc_row full_width=\u00bbstretch_row_content_no_spaces\u00bb css=\u00bb.vc_custom_1474961441141{padding-top: 60px !important;padding-right: 60px !important;padding-left: 60px !important;background-color: #f0f0f0 !important;}\u00bb el_class=\u00bbno-padding-tablet\u00bb][vc_column][rev_slider_vc alias=\u00bbmrbara-home-sport\u00bb][\/vc_column][\/vc_row][vc_row css=\u00bb.vc_custom_1474960877975{margin-top: -230px !important;padding-bottom: 100px !important;background-color: #f0f0f0 !important;}\u00bb el_class=\u00bbno-margin-tablet\u00bb][vc_column width=\u00bb1\/3&#8243; css=\u00bb.vc_custom_1474960886349{margin-top: 30px !important;}\u00bb][\/vc_column][vc_column width=\u00bb1\/3&#8243; css=\u00bb.vc_custom_1474960892277{margin-top: 30px !important;}\u00bb][\/vc_column][vc_column width=\u00bb1\/3&#8243;&hellip;\" \/>\n<meta property=\"og:url\" content=\"https:\/\/clickeventos.cl\/\" \/>\n<meta property=\"og:site_name\" content=\"Click Eventos\" \/>\n<meta property=\"article:modified_time\" content=\"2025-06-05T16:03:02+00:00\" \/>\n<meta name=\"twitter:card\" content=\"summary_large_image\" \/>\n<meta name=\"twitter:label1\" content=\"Tiempo de lectura\" \/>\n\t<meta name=\"twitter:data1\" content=\"4 minutos\" \/>\n<script type=\"application\/ld+json\" class=\"yoast-schema-graph\">{\"@context\":\"https:\/\/schema.org\",\"@graph\":[{\"@type\":\"WebPage\",\"@id\":\"https:\/\/clickeventos.cl\/\",\"url\":\"https:\/\/clickeventos.cl\/\",\"name\":\"Click Eventos - Click Eventos\",\"isPartOf\":{\"@id\":\"https:\/\/clickeventos.cl\/#website\"},\"datePublished\":\"2016-09-20T10:41:40+00:00\",\"dateModified\":\"2025-06-05T16:03:02+00:00\",\"breadcrumb\":{\"@id\":\"https:\/\/clickeventos.cl\/#breadcrumb\"},\"inLanguage\":\"es\",\"potentialAction\":[{\"@type\":\"ReadAction\",\"target\":[\"https:\/\/clickeventos.cl\/\"]}]},{\"@type\":\"BreadcrumbList\",\"@id\":\"https:\/\/clickeventos.cl\/#breadcrumb\",\"itemListElement\":[{\"@type\":\"ListItem\",\"position\":1,\"name\":\"Portada\",\"item\":\"https:\/\/clickeventos.cl\/\"},{\"@type\":\"ListItem\",\"position\":2,\"name\":\"Click Eventos\"}]},{\"@type\":\"WebSite\",\"@id\":\"https:\/\/clickeventos.cl\/#website\",\"url\":\"https:\/\/clickeventos.cl\/\",\"name\":\"Click Eventos\",\"description\":\"\",\"potentialAction\":[{\"@type\":\"SearchAction\",\"target\":{\"@type\":\"EntryPoint\",\"urlTemplate\":\"https:\/\/clickeventos.cl\/?s={search_term_string}\"},\"query-input\":{\"@type\":\"PropertyValueSpecification\",\"valueRequired\":true,\"valueName\":\"search_term_string\"}}],\"inLanguage\":\"es\"}]}<\/script>\n<!-- \/ Yoast SEO plugin. -->","yoast_head_json":{"title":"Click Eventos - Click Eventos","robots":{"index":"index","follow":"follow","max-snippet":"max-snippet:-1","max-image-preview":"max-image-preview:large","max-video-preview":"max-video-preview:-1"},"canonical":"https:\/\/clickeventos.cl\/","og_locale":"es_ES","og_type":"article","og_title":"Click Eventos - Click Eventos","og_description":"[vc_row full_width=\u00bbstretch_row_content_no_spaces\u00bb css=\u00bb.vc_custom_1474961441141{padding-top: 60px !important;padding-right: 60px !important;padding-left: 60px !important;background-color: #f0f0f0 !important;}\u00bb el_class=\u00bbno-padding-tablet\u00bb][vc_column][rev_slider_vc alias=\u00bbmrbara-home-sport\u00bb][\/vc_column][\/vc_row][vc_row css=\u00bb.vc_custom_1474960877975{margin-top: -230px !important;padding-bottom: 100px !important;background-color: #f0f0f0 !important;}\u00bb el_class=\u00bbno-margin-tablet\u00bb][vc_column width=\u00bb1\/3&#8243; css=\u00bb.vc_custom_1474960886349{margin-top: 30px !important;}\u00bb][\/vc_column][vc_column width=\u00bb1\/3&#8243; css=\u00bb.vc_custom_1474960892277{margin-top: 30px !important;}\u00bb][\/vc_column][vc_column width=\u00bb1\/3&#8243;&hellip;","og_url":"https:\/\/clickeventos.cl\/","og_site_name":"Click Eventos","article_modified_time":"2025-06-05T16:03:02+00:00","twitter_card":"summary_large_image","twitter_misc":{"Tiempo de lectura":"4 minutos"},"schema":{"@context":"https:\/\/schema.org","@graph":[{"@type":"WebPage","@id":"https:\/\/clickeventos.cl\/","url":"https:\/\/clickeventos.cl\/","name":"Click Eventos - Click Eventos","isPartOf":{"@id":"https:\/\/clickeventos.cl\/#website"},"datePublished":"2016-09-20T10:41:40+00:00","dateModified":"2025-06-05T16:03:02+00:00","breadcrumb":{"@id":"https:\/\/clickeventos.cl\/#breadcrumb"},"inLanguage":"es","potentialAction":[{"@type":"ReadAction","target":["https:\/\/clickeventos.cl\/"]}]},{"@type":"BreadcrumbList","@id":"https:\/\/clickeventos.cl\/#breadcrumb","itemListElement":[{"@type":"ListItem","position":1,"name":"Portada","item":"https:\/\/clickeventos.cl\/"},{"@type":"ListItem","position":2,"name":"Click Eventos"}]},{"@type":"WebSite","@id":"https:\/\/clickeventos.cl\/#website","url":"https:\/\/clickeventos.cl\/","name":"Click Eventos","description":"","potentialAction":[{"@type":"SearchAction","target":{"@type":"EntryPoint","urlTemplate":"https:\/\/clickeventos.cl\/?s={search_term_string}"},"query-input":{"@type":"PropertyValueSpecification","valueRequired":true,"valueName":"search_term_string"}}],"inLanguage":"es"}]}},"_links":{"self":[{"href":"https:\/\/clickeventos.cl\/index.php\/wp-json\/wp\/v2\/pages\/5829","targetHints":{"allow":["GET"]}}],"collection":[{"href":"https:\/\/clickeventos.cl\/index.php\/wp-json\/wp\/v2\/pages"}],"about":[{"href":"https:\/\/clickeventos.cl\/index.php\/wp-json\/wp\/v2\/types\/page"}],"author":[{"embeddable":true,"href":"https:\/\/clickeventos.cl\/index.php\/wp-json\/wp\/v2\/users\/1"}],"replies":[{"embeddable":true,"href":"https:\/\/clickeventos.cl\/index.php\/wp-json\/wp\/v2\/comments?post=5829"}],"version-history":[{"count":47,"href":"https:\/\/clickeventos.cl\/index.php\/wp-json\/wp\/v2\/pages\/5829\/revisions"}],"predecessor-version":[{"id":6437,"href":"https:\/\/clickeventos.cl\/index.php\/wp-json\/wp\/v2\/pages\/5829\/revisions\/6437"}],"wp:attachment":[{"href":"https:\/\/clickeventos.cl\/index.php\/wp-json\/wp\/v2\/media?parent=5829"}],"curies":[{"name":"wp","href":"https:\/\/api.w.org\/{rel}","templated":true}]}}