{"id":4739,"date":"2016-06-17T09:52:55","date_gmt":"2016-06-17T09:52:55","guid":{"rendered":"http:\/\/demo.drfuri.com\/mrbara13\/?page_id=4739"},"modified":"2025-05-12T00:25:44","modified_gmt":"2025-05-12T00:25:44","slug":"nosotros-clickeventos","status":"publish","type":"page","link":"https:\/\/clickeventos.cl\/index.php\/nosotros-clickeventos\/","title":{"rendered":"Nosotros"},"content":{"rendered":"<div class=\"wpb-content-wrapper\"><p>[vc_row equal_height=\u00bbyes\u00bb content_placement=\u00bbmiddle\u00bb css=\u00bb.vc_custom_1472618226876{padding-bottom: 150px !important;background-color: #f2f2f2 !important;}\u00bb el_class=\u00bbvc-row-box-shadow\u00bb][vc_column width=\u00bb5\/12&#8243; css=\u00bb.vc_custom_1747009540437{padding-right: 0px !important;background-image: url(https:\/\/clickeventos.cl\/wp-content\/uploads\/2025\/05\/banner-nosotros-clickeventos-about-2.jpg?id=6213) !important;background-position: center !important;background-repeat: no-repeat !important;background-size: cover !important;}\u00bb][vc_empty_space height=\u00bb700px\u00bb][\/vc_column][vc_column width=\u00bb7\/12&#8243; css=\u00bb.vc_custom_1473393106725{margin-left: -15px !important;padding-top: 30px !important;padding-right: 100px !important;padding-bottom: 49px !important;padding-left: 100px !important;background-color: #ffffff !important;}\u00bb el_class=\u00bbno-padding-mobile no-margin-mobile\u00bb][vc_row_inner][vc_column_inner css=\u00bb.vc_custom_1472625130590{margin-top: 50px !important;}\u00bb]<div class=\"mrbara-about-3 \">\n\t\t\t\t<div class=\"title\"><p>Nosotros<\/p>\n<\/div><div class=\"desc\">En Click Eventos somos una empresa dedicada al catering y la producci\u00f3n de eventos, comprometida con entregar experiencias memorables desde 2012. Nacimos impulsados por el gusto y la pasi\u00f3n de nuestro fundador, Juan Carlos Leiva, por la m\u00fasica, la diversi\u00f3n y el arte de crear momentos inolvidables.<\/p>\n<p>Ofrecemos nuestros servicios a lo largo de toda la Regi\u00f3n Metropolitana, trabajando de forma personalizada y cercana con cada cliente. Nuestra especialidad son los coffee breaks, donde combinamos calidad, sabor y presentaci\u00f3n, pero tambi\u00e9n organizamos brunchs, c\u00f3cteles, celebraciones personales y mucho m\u00e1s.<\/p>\n<p>Adem\u00e1s, brindamos un servicio integral que incluye personal capacitado (como garzones y anfitriones), equipos de sonido, iluminaci\u00f3n, y una variedad de opciones gastron\u00f3micas, adaptadas tanto para eventos grandes como peque\u00f1os. Contamos tambi\u00e9n con servicios adicionales como m\u00e1quinas de helados, cabritas, algod\u00f3n de az\u00facar y juegos, siempre dispuestos a personalizar seg\u00fan la ocasi\u00f3n.<\/p>\n<p>Trabajamos con empresas, instituciones y particulares, adapt\u00e1ndonos a sus necesidades espec\u00edficas para asegurar que todo salga perfecto. Creemos que cada evento es \u00fanico, y por eso cuidamos cada detalle con profesionalismo, flexibilidad y buena onda.<\/p>\n<p>En Click Eventos, tu celebraci\u00f3n es nuestra pasi\u00f3n.<\/div><div class=\"about-img\"><img decoding=\"async\" alt=\"5271\" src=\"https:\/\/clickeventos.cl\/wp-content\/uploads\/2016\/06\/about2-img1.png\"><\/div>\n\t\t\t<\/div>[\/vc_column_inner][\/vc_row_inner][vc_empty_space height=\u00bb90&#8243;][\/vc_column][\/vc_row][vc_row css=\u00bb.vc_custom_1466755412338{padding-bottom: 130px !important;background-color: #f2f2f2 !important;}\u00bb][vc_column]<div class=\"mrbara-image-carousel  style-1\"><div class=\"mrbara-owl-list\" id=\"images-carousel-69da1749c46df\"><div class=\"image-item\"><a href=\"\" target=\"_self\"><img decoding=\"async\" alt=\"5522\"  src=\"https:\/\/clickeventos.cl\/wp-content\/uploads\/2016\/06\/mr-logo-a5-150x81.jpg\"><\/a><\/div><div class=\"image-item\"><a  target=\"_self\"><img decoding=\"async\" alt=\"5521\"  src=\"https:\/\/clickeventos.cl\/wp-content\/uploads\/2016\/06\/mr-logo-a4-150x81.jpg\"><\/a><\/div><div class=\"image-item\"><a  target=\"_self\"><img decoding=\"async\" alt=\"5519\"  src=\"https:\/\/clickeventos.cl\/wp-content\/uploads\/2016\/06\/mr-logo-a2-150x81.jpg\"><\/a><\/div><div class=\"image-item\"><a  target=\"_self\"><img decoding=\"async\" alt=\"5520\"  src=\"https:\/\/clickeventos.cl\/wp-content\/uploads\/2016\/06\/mr-logo-a3-150x81.jpg\"><\/a><\/div><div class=\"image-item\"><a  target=\"_self\"><img decoding=\"async\" alt=\"5518\"  src=\"https:\/\/clickeventos.cl\/wp-content\/uploads\/2016\/06\/mr-logo-a1-150x81.jpg\"><\/a><\/div><div class=\"image-item\"><a  target=\"_self\"><img decoding=\"async\" alt=\"5517\"  src=\"https:\/\/clickeventos.cl\/wp-content\/uploads\/2016\/06\/mr-logo-7-150x81.jpg\"><\/a><\/div><\/div><\/div>[\/vc_column][\/vc_row]<\/p>\n<\/div>","protected":false},"excerpt":{"rendered":"<p>[vc_row equal_height=\u00bbyes\u00bb content_placement=\u00bbmiddle\u00bb css=\u00bb.vc_custom_1472618226876{padding-bottom: 150px !important;background-color: #f2f2f2 !important;}\u00bb el_class=\u00bbvc-row-box-shadow\u00bb][vc_column width=\u00bb5\/12&#8243; css=\u00bb.vc_custom_1747009540437{padding-right: 0px !important;background-image: url(https:\/\/clickeventos.cl\/wp-content\/uploads\/2025\/05\/banner-nosotros-clickeventos-about-2.jpg?id=6213) !important;background-position: center !important;background-repeat: no-repeat !important;background-size: cover !important;}\u00bb][vc_empty_space height=\u00bb700px\u00bb][\/vc_column][vc_column width=\u00bb7\/12&#8243; css=\u00bb.vc_custom_1473393106725{margin-left: -15px !important;padding-top: 30px !important;padding-right: 100px !important;padding-bottom:&hellip;<\/p>\n","protected":false},"author":1,"featured_media":0,"parent":0,"menu_order":0,"comment_status":"closed","ping_status":"closed","template":"template-full-width.php","meta":{"footnotes":""},"class_list":["post-4739","page","type-page","status-publish","hentry"],"yoast_head":"<!-- This site is optimized with the Yoast SEO plugin v24.9 - https:\/\/yoast.com\/wordpress\/plugins\/seo\/ -->\n<title>Nosotros - Click Eventos<\/title>\n<meta name=\"robots\" content=\"index, follow, max-snippet:-1, max-image-preview:large, max-video-preview:-1\" \/>\n<link rel=\"canonical\" href=\"https:\/\/clickeventos.cl\/index.php\/nosotros-clickeventos\/\" \/>\n<meta property=\"og:locale\" content=\"es_ES\" \/>\n<meta property=\"og:type\" content=\"article\" \/>\n<meta property=\"og:title\" content=\"Nosotros - Click Eventos\" \/>\n<meta property=\"og:description\" content=\"[vc_row equal_height=\u00bbyes\u00bb content_placement=\u00bbmiddle\u00bb css=\u00bb.vc_custom_1472618226876{padding-bottom: 150px !important;background-color: #f2f2f2 !important;}\u00bb el_class=\u00bbvc-row-box-shadow\u00bb][vc_column width=\u00bb5\/12&#8243; css=\u00bb.vc_custom_1747009540437{padding-right: 0px !important;background-image: url(https:\/\/clickeventos.cl\/wp-content\/uploads\/2025\/05\/banner-nosotros-clickeventos-about-2.jpg?id=6213) !important;background-position: center !important;background-repeat: no-repeat !important;background-size: cover !important;}\u00bb][vc_empty_space height=\u00bb700px\u00bb][\/vc_column][vc_column width=\u00bb7\/12&#8243; css=\u00bb.vc_custom_1473393106725{margin-left: -15px !important;padding-top: 30px !important;padding-right: 100px !important;padding-bottom:&hellip;\" \/>\n<meta property=\"og:url\" content=\"https:\/\/clickeventos.cl\/index.php\/nosotros-clickeventos\/\" \/>\n<meta property=\"og:site_name\" content=\"Click Eventos\" \/>\n<meta property=\"article:modified_time\" content=\"2025-05-12T00:25:44+00:00\" \/>\n<meta name=\"twitter:card\" content=\"summary_large_image\" \/>\n<meta name=\"twitter:label1\" content=\"Tiempo de lectura\" \/>\n\t<meta name=\"twitter:data1\" content=\"3 minutos\" \/>\n<script type=\"application\/ld+json\" class=\"yoast-schema-graph\">{\"@context\":\"https:\/\/schema.org\",\"@graph\":[{\"@type\":\"WebPage\",\"@id\":\"https:\/\/clickeventos.cl\/index.php\/nosotros-clickeventos\/\",\"url\":\"https:\/\/clickeventos.cl\/index.php\/nosotros-clickeventos\/\",\"name\":\"Nosotros - Click Eventos\",\"isPartOf\":{\"@id\":\"https:\/\/clickeventos.cl\/#website\"},\"datePublished\":\"2016-06-17T09:52:55+00:00\",\"dateModified\":\"2025-05-12T00:25:44+00:00\",\"breadcrumb\":{\"@id\":\"https:\/\/clickeventos.cl\/index.php\/nosotros-clickeventos\/#breadcrumb\"},\"inLanguage\":\"es\",\"potentialAction\":[{\"@type\":\"ReadAction\",\"target\":[\"https:\/\/clickeventos.cl\/index.php\/nosotros-clickeventos\/\"]}]},{\"@type\":\"BreadcrumbList\",\"@id\":\"https:\/\/clickeventos.cl\/index.php\/nosotros-clickeventos\/#breadcrumb\",\"itemListElement\":[{\"@type\":\"ListItem\",\"position\":1,\"name\":\"Portada\",\"item\":\"https:\/\/clickeventos.cl\/\"},{\"@type\":\"ListItem\",\"position\":2,\"name\":\"Nosotros\"}]},{\"@type\":\"WebSite\",\"@id\":\"https:\/\/clickeventos.cl\/#website\",\"url\":\"https:\/\/clickeventos.cl\/\",\"name\":\"Click Eventos\",\"description\":\"\",\"potentialAction\":[{\"@type\":\"SearchAction\",\"target\":{\"@type\":\"EntryPoint\",\"urlTemplate\":\"https:\/\/clickeventos.cl\/?s={search_term_string}\"},\"query-input\":{\"@type\":\"PropertyValueSpecification\",\"valueRequired\":true,\"valueName\":\"search_term_string\"}}],\"inLanguage\":\"es\"}]}<\/script>\n<!-- \/ Yoast SEO plugin. -->","yoast_head_json":{"title":"Nosotros - Click Eventos","robots":{"index":"index","follow":"follow","max-snippet":"max-snippet:-1","max-image-preview":"max-image-preview:large","max-video-preview":"max-video-preview:-1"},"canonical":"https:\/\/clickeventos.cl\/index.php\/nosotros-clickeventos\/","og_locale":"es_ES","og_type":"article","og_title":"Nosotros - Click Eventos","og_description":"[vc_row equal_height=\u00bbyes\u00bb content_placement=\u00bbmiddle\u00bb css=\u00bb.vc_custom_1472618226876{padding-bottom: 150px !important;background-color: #f2f2f2 !important;}\u00bb el_class=\u00bbvc-row-box-shadow\u00bb][vc_column width=\u00bb5\/12&#8243; css=\u00bb.vc_custom_1747009540437{padding-right: 0px !important;background-image: url(https:\/\/clickeventos.cl\/wp-content\/uploads\/2025\/05\/banner-nosotros-clickeventos-about-2.jpg?id=6213) !important;background-position: center !important;background-repeat: no-repeat !important;background-size: cover !important;}\u00bb][vc_empty_space height=\u00bb700px\u00bb][\/vc_column][vc_column width=\u00bb7\/12&#8243; css=\u00bb.vc_custom_1473393106725{margin-left: -15px !important;padding-top: 30px !important;padding-right: 100px !important;padding-bottom:&hellip;","og_url":"https:\/\/clickeventos.cl\/index.php\/nosotros-clickeventos\/","og_site_name":"Click Eventos","article_modified_time":"2025-05-12T00:25:44+00:00","twitter_card":"summary_large_image","twitter_misc":{"Tiempo de lectura":"3 minutos"},"schema":{"@context":"https:\/\/schema.org","@graph":[{"@type":"WebPage","@id":"https:\/\/clickeventos.cl\/index.php\/nosotros-clickeventos\/","url":"https:\/\/clickeventos.cl\/index.php\/nosotros-clickeventos\/","name":"Nosotros - Click Eventos","isPartOf":{"@id":"https:\/\/clickeventos.cl\/#website"},"datePublished":"2016-06-17T09:52:55+00:00","dateModified":"2025-05-12T00:25:44+00:00","breadcrumb":{"@id":"https:\/\/clickeventos.cl\/index.php\/nosotros-clickeventos\/#breadcrumb"},"inLanguage":"es","potentialAction":[{"@type":"ReadAction","target":["https:\/\/clickeventos.cl\/index.php\/nosotros-clickeventos\/"]}]},{"@type":"BreadcrumbList","@id":"https:\/\/clickeventos.cl\/index.php\/nosotros-clickeventos\/#breadcrumb","itemListElement":[{"@type":"ListItem","position":1,"name":"Portada","item":"https:\/\/clickeventos.cl\/"},{"@type":"ListItem","position":2,"name":"Nosotros"}]},{"@type":"WebSite","@id":"https:\/\/clickeventos.cl\/#website","url":"https:\/\/clickeventos.cl\/","name":"Click Eventos","description":"","potentialAction":[{"@type":"SearchAction","target":{"@type":"EntryPoint","urlTemplate":"https:\/\/clickeventos.cl\/?s={search_term_string}"},"query-input":{"@type":"PropertyValueSpecification","valueRequired":true,"valueName":"search_term_string"}}],"inLanguage":"es"}]}},"_links":{"self":[{"href":"https:\/\/clickeventos.cl\/index.php\/wp-json\/wp\/v2\/pages\/4739","targetHints":{"allow":["GET"]}}],"collection":[{"href":"https:\/\/clickeventos.cl\/index.php\/wp-json\/wp\/v2\/pages"}],"about":[{"href":"https:\/\/clickeventos.cl\/index.php\/wp-json\/wp\/v2\/types\/page"}],"author":[{"embeddable":true,"href":"https:\/\/clickeventos.cl\/index.php\/wp-json\/wp\/v2\/users\/1"}],"replies":[{"embeddable":true,"href":"https:\/\/clickeventos.cl\/index.php\/wp-json\/wp\/v2\/comments?post=4739"}],"version-history":[{"count":9,"href":"https:\/\/clickeventos.cl\/index.php\/wp-json\/wp\/v2\/pages\/4739\/revisions"}],"predecessor-version":[{"id":6214,"href":"https:\/\/clickeventos.cl\/index.php\/wp-json\/wp\/v2\/pages\/4739\/revisions\/6214"}],"wp:attachment":[{"href":"https:\/\/clickeventos.cl\/index.php\/wp-json\/wp\/v2\/media?parent=4739"}],"curies":[{"name":"wp","href":"https:\/\/api.w.org\/{rel}","templated":true}]}}